{"id":49,"date":"2015-10-01T15:23:16","date_gmt":"2015-10-01T14:23:16","guid":{"rendered":"http:\/\/127.0.1.1\/?page_id=49"},"modified":"2020-06-04T08:46:43","modified_gmt":"2020-06-04T07:46:43","slug":"ueber_uns","status":"publish","type":"page","link":"https:\/\/nordelbischerknabenchor.de\/?page_id=49","title":{"rendered":"\u00dcBER UNS"},"content":{"rendered":"<p style=\"text-align: justify;\">Wir sind&#8230;<\/p>\n<p style=\"text-align: justify;\">&#8230;ein junger, ambitionierter Knabenchor aus L\u00fcbeck, der sich in erster Linie mit mehrstimmiger, geistlicher Chorliteratur besch\u00e4ftigt. Bei uns haben die jungen S\u00e4nger die M\u00f6glichkeit, eine umfassende musikalische Grundausbildung zu erhalten. Die zweimal w\u00f6chentliche stattfindende Chorproben werden durch individuelle Stimmbildung erg\u00e4nzt. Einen weiteren Schwerpunkt setzen wir auf die Entwicklung der Pers\u00f6nlichkeit und der sozialen Kompetenz der Chormitglieder. So legen wir viel Wert auf einen positiven Umgang miteinander. Gepr\u00e4gt von Respekt, Hilfsbereitschaft und Spa\u00df an der gemeinsamen Aufgabe.<\/p>\n<p style=\"text-align: justify;\">F\u00fcr die Gro\u00dfen besteht einmal im Jahr die M\u00f6glichkeit gemeinsam mit dem NDR-Chor im Rahmen des &#8222;Singing&#8220; im Hamburger Michel aufzutreten.<\/p>\n<p style=\"text-align: justify;\">Kollegium:<\/p>\n<p style=\"text-align: justify;\">Christoph Liebold<\/p>\n<p style=\"text-align: justify;\"><img loading=\"lazy\" decoding=\"async\" class=\"  wp-image-87 alignleft\" src=\"http:\/\/nordelbischerknabenchor.de\/wp-content\/uploads\/2015\/10\/Christoph-Liebold-4-200x300.jpg\" alt=\"Christoph Liebold 4\" width=\"117\" height=\"176\" srcset=\"https:\/\/nordelbischerknabenchor.de\/wp-content\/uploads\/2015\/10\/Christoph-Liebold-4-200x300.jpg 200w, https:\/\/nordelbischerknabenchor.de\/wp-content\/uploads\/2015\/10\/Christoph-Liebold-4-683x1024.jpg 683w, https:\/\/nordelbischerknabenchor.de\/wp-content\/uploads\/2015\/10\/Christoph-Liebold-4.jpg 1768w\" sizes=\"auto, (max-width: 117px) 100vw, 117px\" \/>kam\u00a0durch seine Eltern (Mutter: Pianistin, Vater: Operns\u00e4ger) im Alter von f\u00fcnf Jahren zur Musik. Von 1991 bis 1995 war er Mitglied des Thomanerchores und bis zum Abitur Sch\u00fcler des Thomas-Gymnasiums. Schon in seiner Jugend hatte er dadurch das gro\u00dfe Gl\u00fcck, au\u00dfergew\u00f6hnliche musikalische Erfahrungen zu sammeln, wie z.B. eine USA-Tournee mit den New Yorker Philharmonikern unter Kurt Masur. Christoph Liebold schloss den Studiengang B\u00fchnen- und Konzertgesang 2005 mit dem Diplom ab und hat dar\u00fcberhinaus 2010 ein Diplom in Gesangsp\u00e4dagogik an der Musikhochschule L\u00fcbeck erlangt. Mittlerweile ist Christoph Liebold ein gefragter Konzerts\u00e4nger im In- und Ausland. Neben seiner T\u00e4tigkeit als festes Ensemble-Mitglied des NDR-Rundfunkchores wurde er im Sommer 2008 in den Chor der Bayreuther Festspiele berufen.<\/p>\n<p style=\"text-align: left;\">D\u00e1vid Csizm\u00e1r<\/p>\n<p style=\"text-align: justify;\">wurde 1981 i<img loading=\"lazy\" decoding=\"async\" class=\"alignleft  wp-image-236\" src=\"http:\/\/nordelbischerknabenchor.de\/wp-content\/uploads\/2015\/10\/david-300x200.png\" alt=\"david\" width=\"203\" height=\"135\" srcset=\"https:\/\/nordelbischerknabenchor.de\/wp-content\/uploads\/2015\/10\/david-300x200.png 300w, https:\/\/nordelbischerknabenchor.de\/wp-content\/uploads\/2015\/10\/david.png 720w\" sizes=\"auto, (max-width: 203px) 100vw, 203px\" \/>n Budapest geboren. Mit 4 Jahren hatte er den ersten Musikunterricht, mit 6 fing er mit dem Klavierspiel an.<br \/>\nAb 1998 besuchte er die Klavierklasse des Le\u00f3 Weiner Konservatoriums in Budapest.<br \/>\nAb 2000 war er Student der Hochschule f\u00fcr Musik Franz Liszt, erst als Chordirigent in der Klasse von Prof. L\u00e1szl\u00f3 Norbert Nemes, dann ab 2002 als S\u00e4nger, bei Zsuzsa Forrai.<br \/>\nW\u00e4hrend des Studiums nahm Csizm\u00e1r an wichtigen Dirigier-Meisterkursen teil. In 2002 war er Student von Prof. David Vinden (Guildhall School of Music London), in 2003 von Peter Phillips (The\u00a0 Tallis Scholars, Leiter). Er schloss sein Studium in 2004, mit Auszeichnung, ab.<br \/>\n2003 wurde er Chorleiter des preisgekr\u00f6nten William Byrd Vokalensembles in Budapest, 2004 des renommierten Frauenchores \u201eChorus Matricanus\u201d in Sz\u00e1zhalombatta.<br \/>\nIn 2005 und 2006 leitete er den Chor und Orchester der Ungarischen Schule in Mukaceve, Ukraine. In 2006 dirigierte er Pergolesis Stabat Mater und H\u00e4ndels Messias in Budapest.<br \/>\nSeit 2007 lebt Csizm\u00e1r in Deutschland. 2009 hat er sein Gesangsstudium in Rostock abgeschlossen. Seit 2012 ist er festes Ensemblemitglied des NDR Chores in Hamburg.<br \/>\n2014 wurde er Chordirigent des Singkreises St. Jakobi in Hanstedt und des Nordheide Chores in Marxen. Seit 2015 ist er Kreischorleiter des S\u00e4ngervereins Heideblume.<\/p>\n","protected":false},"excerpt":{"rendered":"<p>Wir sind&#8230; &#8230;ein junger, ambitionierter Knabenchor aus L\u00fcbeck, der sich in erster Linie mit mehrstimmiger, geistlicher Chorliteratur besch\u00e4ftigt. Bei uns haben die jungen S\u00e4nger die M\u00f6glichkeit, eine umfassende musikalische Grundausbildung zu erhalten. Die zweimal w\u00f6chentliche stattfindende Chorproben werden durch individuelle Stimmbildung erg\u00e4nzt. Einen weiteren Schwerpunkt setzen wir auf die Entwicklung der Pers\u00f6nlichkeit und der sozialen<br \/><a class=\"moretag\" href=\"https:\/\/nordelbischerknabenchor.de\/?page_id=49\">+ Read More<\/a><\/p>\n","protected":false},"author":1,"featured_media":0,"parent":0,"menu_order":1,"comment_status":"closed","ping_status":"closed","template":"","meta":{"footnotes":""},"class_list":["post-49","page","type-page","status-publish","hentry"],"_links":{"self":[{"href":"https:\/\/nordelbischerknabenchor.de\/index.php?rest_route=\/wp\/v2\/pages\/49","targetHints":{"allow":["GET"]}}],"collection":[{"href":"https:\/\/nordelbischerknabenchor.de\/index.php?rest_route=\/wp\/v2\/pages"}],"about":[{"href":"https:\/\/nordelbischerknabenchor.de\/index.php?rest_route=\/wp\/v2\/types\/page"}],"author":[{"embeddable":true,"href":"https:\/\/nordelbischerknabenchor.de\/index.php?rest_route=\/wp\/v2\/users\/1"}],"replies":[{"embeddable":true,"href":"https:\/\/nordelbischerknabenchor.de\/index.php?rest_route=%2Fwp%2Fv2%2Fcomments&post=49"}],"version-history":[{"count":23,"href":"https:\/\/nordelbischerknabenchor.de\/index.php?rest_route=\/wp\/v2\/pages\/49\/revisions"}],"predecessor-version":[{"id":270,"href":"https:\/\/nordelbischerknabenchor.de\/index.php?rest_route=\/wp\/v2\/pages\/49\/revisions\/270"}],"wp:attachment":[{"href":"https:\/\/nordelbischerknabenchor.de\/index.php?rest_route=%2Fwp%2Fv2%2Fmedia&parent=49"}],"curies":[{"name":"wp","href":"https:\/\/api.w.org\/{rel}","templated":true}]}}