{"id":40,"date":"2015-10-01T15:02:19","date_gmt":"2015-10-01T14:02:19","guid":{"rendered":"http:\/\/127.0.1.1\/?page_id=40"},"modified":"2025-12-18T22:18:57","modified_gmt":"2025-12-18T21:18:57","slug":"fuehlen","status":"publish","type":"page","link":"https:\/\/nordelbischerknabenchor.de\/?page_id=40","title":{"rendered":"F\u00dcHLEN"},"content":{"rendered":"\n<p>Am 28. Dezember 2025 f\u00fchren wir um 18:00 Uhr in der St. Gertrudkirche zu L\u00fcbeck die Teile 1 bis 3 und 6 des Weihnachtsoratoriums von J.S. Bach auf. Eintrittskarten sind ausschlie\u00dflich an der Abendkasse erh\u00e4ltlich und kosten 25\u20ac, bzw. 15\u20ac erm\u00e4\u00dfigt. F\u00fcr Kinder unter 12 Jahren ist der Eintritt frei.<\/p>\n\n\n\n<div style=\"height:55px\" aria-hidden=\"true\" class=\"wp-block-spacer\"><\/div>\n\n\n<p>Das Weihnachtsoratorium und einige andere Konzerte sind auch als CD bei uns erh\u00e4ltlich. Somit k\u00f6nnen Sie unsere Musik auch zuhause genie\u00dfen und unseren Chor unterst\u00fctzen.<\/p>\n<p>Folgende CDs bieten wir an:<\/p>\n<ul>\n<li>J. S. Bach: Weihnachtsoratorium, Teile 1 &#8211; 3 (Doppel-CD): 25\u20ac<\/li>\n<li>J. S. Bach: Weihnachtsoratorium, Teile 4-6: 20\u20ac<\/li>\n<li>A. Bruckner: Geistliche Ch\u00f6re: 25\u20ac<\/li>\n<li>Jubil\u00e4ums-CD zum 5 j\u00e4hrigen Bestehen des Chores: 15\u20ac<\/li>\n<\/ul>\n<p>Wenn Sie eine CD erwerben wollen wenden Sie sich bitte an Monja Reuter unter 0451 4991460<\/p>","protected":false},"excerpt":{"rendered":"<p>Am 28. Dezember 2025 f\u00fchren wir um 18:00 Uhr in der St. Gertrudkirche zu L\u00fcbeck die Teile 1 bis 3 und 6 des Weihnachtsoratoriums von J.S. Bach auf. Eintrittskarten sind ausschlie\u00dflich an der Abendkasse erh\u00e4ltlich und kosten 25\u20ac, bzw. 15\u20ac erm\u00e4\u00dfigt. F\u00fcr Kinder unter 12 Jahren ist der Eintritt frei. Das Weihnachtsoratorium und einige andere<br \/><a class=\"moretag\" href=\"https:\/\/nordelbischerknabenchor.de\/?page_id=40\">+ Read More<\/a><\/p>\n","protected":false},"author":1,"featured_media":0,"parent":0,"menu_order":3,"comment_status":"closed","ping_status":"closed","template":"","meta":{"footnotes":""},"class_list":["post-40","page","type-page","status-publish","hentry"],"_links":{"self":[{"href":"https:\/\/nordelbischerknabenchor.de\/index.php?rest_route=\/wp\/v2\/pages\/40","targetHints":{"allow":["GET"]}}],"collection":[{"href":"https:\/\/nordelbischerknabenchor.de\/index.php?rest_route=\/wp\/v2\/pages"}],"about":[{"href":"https:\/\/nordelbischerknabenchor.de\/index.php?rest_route=\/wp\/v2\/types\/page"}],"author":[{"embeddable":true,"href":"https:\/\/nordelbischerknabenchor.de\/index.php?rest_route=\/wp\/v2\/users\/1"}],"replies":[{"embeddable":true,"href":"https:\/\/nordelbischerknabenchor.de\/index.php?rest_route=%2Fwp%2Fv2%2Fcomments&post=40"}],"version-history":[{"count":27,"href":"https:\/\/nordelbischerknabenchor.de\/index.php?rest_route=\/wp\/v2\/pages\/40\/revisions"}],"predecessor-version":[{"id":296,"href":"https:\/\/nordelbischerknabenchor.de\/index.php?rest_route=\/wp\/v2\/pages\/40\/revisions\/296"}],"wp:attachment":[{"href":"https:\/\/nordelbischerknabenchor.de\/index.php?rest_route=%2Fwp%2Fv2%2Fmedia&parent=40"}],"curies":[{"name":"wp","href":"https:\/\/api.w.org\/{rel}","templated":true}]}}